{"id":52310,"date":"2020-12-10T08:31:11","date_gmt":"2020-12-10T07:31:11","guid":{"rendered":"https:\/\/clinicakaizen.com\/contacto"},"modified":"2026-01-23T16:03:29","modified_gmt":"2026-01-23T15:03:29","slug":"contact","status":"publish","type":"page","link":"https:\/\/clinicakaizen.com\/en\/contact\/","title":{"rendered":"Contact"},"content":{"rendered":"<p>[et_pb_section fb_built=&#8221;1&#8243; admin_label=&#8221;Contact&#8221; module_id=&#8221;infocontacto&#8221; _builder_version=&#8221;4.16&#8243; _module_preset=&#8221;default&#8221; background_color=&#8221;#efefef&#8221; background_enable_image=&#8221;off&#8221; custom_padding=&#8221;33px||18px|||&#8221; global_colors_info=&#8221;{}&#8221;][et_pb_row column_structure=&#8221;1_4,1_4,1_4,1_4&#8243; _builder_version=&#8221;4.16&#8243; _module_preset=&#8221;default&#8221; global_colors_info=&#8221;{}&#8221;][et_pb_column type=&#8221;1_4&#8243; _builder_version=&#8221;4.16&#8243; _module_preset=&#8221;default&#8221; global_colors_info=&#8221;{}&#8221;][et_pb_blurb title=&#8221;CALL US&#8221; use_icon=&#8221;on&#8221; font_icon=&#8221;&#xe090;||divi||400&#8243; icon_color=&#8221;#829396&#8243; _builder_version=&#8221;4.16&#8243; _module_preset=&#8221;default&#8221; header_font=&#8221;|700||on|||||&#8221; body_font_size=&#8221;21px&#8221; text_orientation=&#8221;center&#8221; global_colors_info=&#8221;{}&#8221;]<\/p>\n<p>+34 952 77 77 47<\/p>\n<p>+34 616 25 52 10<\/p>\n<p>&nbsp;<\/p>\n<p>[\/et_pb_blurb][\/et_pb_column][et_pb_column type=&#8221;1_4&#8243; _builder_version=&#8221;4.16&#8243; _module_preset=&#8221;default&#8221; global_colors_info=&#8221;{}&#8221;][et_pb_blurb title=&#8221;SEND US AN EMAIL&#8221; use_icon=&#8221;on&#8221; font_icon=&#8221;&#xe076;||divi||400&#8243; icon_color=&#8221;#829396&#8243; _builder_version=&#8221;4.16&#8243; _module_preset=&#8221;default&#8221; header_font=&#8221;|700||on|||||&#8221; text_orientation=&#8221;center&#8221; global_colors_info=&#8221;{}&#8221;]<\/p>\n<p><span \n                data-original-string='jwy+Mi35QdLdFFwA42+T\/g==355xN+afjivS5aWnSlXHh7LUXG3Jg1oNmiqUCMYwNfDk8U='\n                class='apbct-email-encoder'\n                title='This contact has been encoded by Anti-Spam by CleanTalk. Click to decode. To finish the decoding make sure that JavaScript is enabled in your browser.'>re<span class=\"apbct-blur\">*******<\/span>@<span class=\"apbct-blur\">***********<\/span>en.com<\/span><\/p>\n<p>[\/et_pb_blurb][\/et_pb_column][et_pb_column type=&#8221;1_4&#8243; _builder_version=&#8221;4.16&#8243; _module_preset=&#8221;default&#8221; global_colors_info=&#8221;{}&#8221;][et_pb_blurb title=&#8221;VISIT US&#8221; use_icon=&#8221;on&#8221; font_icon=&#8221;&#xe081;||divi||400&#8243; icon_color=&#8221;#829396&#8243; _builder_version=&#8221;4.16&#8243; _module_preset=&#8221;default&#8221; header_font=&#8221;|700||on|||||&#8221; text_orientation=&#8221;center&#8221; global_colors_info=&#8221;{}&#8221;]<\/p>\n<p><strong>Pinsapo Street 8, 1\u00baB<\/strong><br \/>29601 Marbella<\/p>\n<p>[\/et_pb_blurb][\/et_pb_column][et_pb_column type=&#8221;1_4&#8243; _builder_version=&#8221;4.16&#8243; _module_preset=&#8221;default&#8221; global_colors_info=&#8221;{}&#8221;][et_pb_blurb title=&#8221;OPENING HOURS&#8221; use_icon=&#8221;on&#8221; font_icon=&#8221;&#xe06b;||divi||400&#8243; icon_color=&#8221;#829396&#8243; _builder_version=&#8221;4.16&#8243; _module_preset=&#8221;default&#8221; header_font=&#8221;|700||on|||||&#8221; text_orientation=&#8221;center&#8221; global_colors_info=&#8221;{}&#8221;]<\/p>\n<p><strong>Monday, Tuesday and Thursday<\/strong><br \/>12 &#8211; 14 h<br \/>15 &#8211; 20:30 h<br \/><strong>Wednesday and Friday<\/strong><br \/>9:30 &#8211; 14 h<br \/>15 &#8211; 18 h<\/p>\n<p>[\/et_pb_blurb][\/et_pb_column][\/et_pb_row][et_pb_row column_structure=&#8221;1_2,1_2&#8243; _builder_version=&#8221;4.16&#8243; _module_preset=&#8221;default&#8221; width=&#8221;100%&#8221; width_tablet=&#8221;&#8221; width_phone=&#8221;89%&#8221; width_last_edited=&#8221;on|phone&#8221; max_width_tablet=&#8221;&#8221; max_width_phone=&#8221;1622%&#8221; max_width_last_edited=&#8221;on|phone&#8221; custom_margin_tablet=&#8221;&#8221; custom_margin_phone=&#8221;|20px||20px|false|true&#8221; custom_margin_last_edited=&#8221;on|phone&#8221; global_colors_info=&#8221;{}&#8221;][et_pb_column type=&#8221;1_2&#8243; _builder_version=&#8221;4.16&#8243; _module_preset=&#8221;default&#8221; global_colors_info=&#8221;{}&#8221;][et_pb_text _builder_version=&#8221;4.16&#8243; text_font=&#8221;Muli|500|||||||&#8221; text_font_size=&#8221;17px&#8221; text_line_height=&#8221;2em&#8221; link_font=&#8221;Montserrat|700|||||||&#8221; link_text_color=&#8221;#fa546d&#8221; link_font_size=&#8221;22px&#8221; link_line_height=&#8221;1.5em&#8221; header_font=&#8221;||||||||&#8221; header_text_align=&#8221;left&#8221; header_2_font=&#8221;||||||||&#8221; header_2_font_size=&#8221;40px&#8221; header_2_line_height=&#8221;1.4em&#8221; header_6_font=&#8221;Muli|600||on|||||&#8221; header_6_text_color=&#8221;#bcbcbc&#8221; header_6_font_size=&#8221;16px&#8221; header_6_letter_spacing=&#8221;2px&#8221; header_6_line_height=&#8221;1.5em&#8221; max_width_last_edited=&#8221;off|desktop&#8221; module_alignment=&#8221;center&#8221; custom_margin=&#8221;3px||-1px|||&#8221; custom_padding=&#8221;1px||34px|||&#8221; header_2_font_size_tablet=&#8221;&#8221; header_2_font_size_phone=&#8221;24px&#8221; header_2_font_size_last_edited=&#8221;on|phone&#8221; global_colors_info=&#8221;{}&#8221;]<\/p>\n<h2>Write us your questions, in Kaizen Clinic we will help you<\/h2>\n<p><span>Call us or send us a message, we will answer you as soon as possible. <\/span><\/p>\n<p>[\/et_pb_text][et_pb_code _builder_version=&#8221;4.19.4&#8243; _module_preset=&#8221;default&#8221; hover_enabled=&#8221;0&#8243; global_colors_info=&#8221;{}&#8221; sticky_enabled=&#8221;0&#8243;][ninja_form id=4][\/et_pb_code][\/et_pb_column][et_pb_column type=&#8221;1_2&#8243; _builder_version=&#8221;4.16&#8243; _module_preset=&#8221;default&#8221; global_colors_info=&#8221;{}&#8221;][et_pb_text disabled_on=&#8221;off|off|on&#8221; _builder_version=&#8221;4.16&#8243; text_font=&#8221;Muli|500|||||||&#8221; text_font_size=&#8221;17px&#8221; text_line_height=&#8221;2em&#8221; link_font=&#8221;Montserrat|700|||||||&#8221; link_text_color=&#8221;#fa546d&#8221; link_font_size=&#8221;22px&#8221; link_line_height=&#8221;1.5em&#8221; header_font=&#8221;||||||||&#8221; header_text_align=&#8221;left&#8221; header_2_font=&#8221;||||||||&#8221; header_2_font_size=&#8221;40px&#8221; header_2_line_height=&#8221;1.4em&#8221; header_6_font=&#8221;Muli|600||on|||||&#8221; header_6_text_color=&#8221;#bcbcbc&#8221; header_6_font_size=&#8221;16px&#8221; header_6_letter_spacing=&#8221;2px&#8221; header_6_line_height=&#8221;1.5em&#8221; max_width_last_edited=&#8221;off|desktop&#8221; module_alignment=&#8221;center&#8221; custom_margin=&#8221;3px||-1px|||&#8221; custom_padding=&#8221;1px||34px|||&#8221; header_2_font_size_tablet=&#8221;&#8221; header_2_font_size_phone=&#8221;24px&#8221; header_2_font_size_last_edited=&#8221;on|phone&#8221; global_colors_info=&#8221;{}&#8221;]<\/p>\n<h2>Come and visit us<\/h2>\n<p>[\/et_pb_text][et_pb_text disabled_on=&#8221;on|on|off&#8221; _builder_version=&#8221;4.16&#8243; text_text_color=&#8221;#000000&#8243; text_font_size=&#8221;19px&#8221; text_line_height=&#8221;1.8em&#8221; header_font=&#8221;|500|||||||&#8221; header_text_color=&#8221;#353535&#8243; header_font_size=&#8221;3vw&#8221; header_2_font=&#8221;|500|||||||&#8221; header_2_text_color=&#8221;#353535&#8243; header_2_font_size=&#8221;2.5vw&#8221; header_4_font=&#8221;Muli|800|||||||&#8221; header_4_text_color=&#8221;#829396&#8243; header_4_font_size=&#8221;24px&#8221; custom_margin=&#8221;||18px|||&#8221; header_font_size_tablet=&#8221;80px&#8221; header_font_size_phone=&#8221;40px&#8221; header_font_size_last_edited=&#8221;on|desktop&#8221; header_4_font_size_tablet=&#8221;20px&#8221; header_4_font_size_phone=&#8221;16px&#8221; header_4_font_size_last_edited=&#8221;on|phone&#8221; global_colors_info=&#8221;{}&#8221;]<\/p>\n<h1>Come visit us at our orthodontic clinic in Marbella<\/h1>\n<p>[\/et_pb_text][et_pb_divider color=&#8221;#474747&#8243; divider_weight=&#8221;3px&#8221; _builder_version=&#8221;4.16&#8243; _module_preset=&#8221;default&#8221; width=&#8221;100px&#8221; custom_margin=&#8221;||7px|||&#8221; global_colors_info=&#8221;{}&#8221;][\/et_pb_divider][et_pb_video src=&#8221;https:\/\/clinicakaizen.com\/wp-content\/uploads\/2021\/03\/Kaizen-ubicacion.mp4&#8243; _builder_version=&#8221;4.16&#8243; _module_preset=&#8221;default&#8221; global_colors_info=&#8221;{}&#8221;][\/et_pb_video][\/et_pb_column][\/et_pb_row][\/et_pb_section][et_pb_section fb_built=&#8221;1&#8243; custom_padding_last_edited=&#8221;off|phone&#8221; next_background_color=&#8221;#0f0f0f&#8221; disabled_on=&#8221;on|on|off&#8221; admin_label=&#8221;cabecera interior&#8221; _builder_version=&#8221;4.16&#8243; background_color_gradient_direction=&#8221;89deg&#8221; background_image=&#8221;https:\/\/clinicakaizen.com\/wp-content\/uploads\/2020\/12\/imagen-rectangular-Clann-e1607590328479.png&#8221; parallax=&#8221;on&#8221; parallax_method=&#8221;off&#8221; background_enable_video_mp4=&#8221;off&#8221; allow_player_pause=&#8221;on&#8221; custom_padding=&#8221;0vw||0vw||true|false&#8221; custom_padding_tablet=&#8221;0px||12vw||false|false&#8221; custom_padding_phone=&#8221;0px||||false|false&#8221; top_divider_color=&#8221;rgba(255,255,255,0.44)&#8221; top_divider_height=&#8221;246%&#8221; top_divider_repeat=&#8221;0x&#8221; top_divider_flip=&#8221;vertical&#8221; bottom_divider_style=&#8221;triangle&#8221; global_colors_info=&#8221;{}&#8221;][et_pb_row column_structure=&#8221;2_5,3_5&#8243; custom_padding_last_edited=&#8221;on|desktop&#8221; disabled_on=&#8221;off|off|off&#8221; _builder_version=&#8221;4.16&#8243; width=&#8221;100%&#8221; max_width=&#8221;100%&#8221; custom_margin=&#8221;||||true|false&#8221; custom_padding=&#8221;50px|103px|50px|103px|true|true&#8221; custom_padding_tablet=&#8221;12vw||||false|true&#8221; custom_padding_phone=&#8221;20vw|30px||30px|false|true&#8221; border_color_all=&#8221;#aa222d&#8221; global_colors_info=&#8221;{}&#8221;][et_pb_column type=&#8221;2_5&#8243; _builder_version=&#8221;4.16&#8243; background_color=&#8221;#ffffff&#8221; custom_padding=&#8221;5vw|3vw|5vw|3vw|true|true&#8221; global_colors_info=&#8221;{}&#8221;][et_pb_text _builder_version=&#8221;4.16&#8243; text_text_color=&#8221;#000000&#8243; text_font_size=&#8221;19px&#8221; text_line_height=&#8221;1.8em&#8221; header_font=&#8221;|500|||||||&#8221; header_text_color=&#8221;#353535&#8243; header_font_size=&#8221;3vw&#8221; header_2_font=&#8221;|800|||||||&#8221; header_2_text_color=&#8221;#829396&#8243; header_2_font_size=&#8221;24px&#8221; header_4_font=&#8221;|800|||||||&#8221; header_4_text_color=&#8221;#829396&#8243; header_4_font_size=&#8221;24px&#8221; custom_margin=&#8221;||18px|||&#8221; header_font_size_tablet=&#8221;80px&#8221; header_font_size_phone=&#8221;40px&#8221; header_font_size_last_edited=&#8221;on|desktop&#8221; header_4_font_size_tablet=&#8221;20px&#8221; header_4_font_size_phone=&#8221;16px&#8221; header_4_font_size_last_edited=&#8221;on|phone&#8221; global_colors_info=&#8221;{}&#8221;]<\/p>\n<h2>Request an appointment at Kaizen Clinic<\/h2>\n<p>[\/et_pb_text][et_pb_text _builder_version=&#8221;4.16&#8243; text_text_color=&#8221;#000000&#8243; text_font_size=&#8221;19px&#8221; text_line_height=&#8221;1.8em&#8221; header_font=&#8221;|500|||||||&#8221; header_text_color=&#8221;#353535&#8243; header_font_size=&#8221;3vw&#8221; header_2_font_size=&#8221;3vw&#8221; header_4_font=&#8221;|800|||||||&#8221; header_4_text_color=&#8221;#829396&#8243; header_4_font_size=&#8221;24px&#8221; custom_margin=&#8221;||18px|||&#8221; header_font_size_tablet=&#8221;80px&#8221; header_font_size_phone=&#8221;40px&#8221; header_font_size_last_edited=&#8221;on|desktop&#8221; header_4_font_size_tablet=&#8221;20px&#8221; header_4_font_size_phone=&#8221;16px&#8221; header_4_font_size_last_edited=&#8221;on|phone&#8221; global_colors_info=&#8221;{}&#8221;]<\/p>\n<h2>Start the change of your smile with your orthodontics in Marbella<\/h2>\n<p>[\/et_pb_text][et_pb_divider color=&#8221;#474747&#8243; divider_weight=&#8221;3px&#8221; _builder_version=&#8221;4.16&#8243; _module_preset=&#8221;default&#8221; width=&#8221;100px&#8221; custom_margin=&#8221;||7px|||&#8221; global_colors_info=&#8221;{}&#8221;][\/et_pb_divider][et_pb_text _builder_version=&#8221;4.16&#8243; text_text_color=&#8221;#4c4c4c&#8221; text_font_size=&#8221;17px&#8221; text_line_height=&#8221;1.8em&#8221; header_font=&#8221;Muli|500|||||||&#8221; header_text_color=&#8221;#ffffff&#8221; header_font_size=&#8221;3vw&#8221; header_4_font=&#8221;Muli|800|||||||&#8221; header_4_text_color=&#8221;#aa222d&#8221; header_4_font_size=&#8221;24px&#8221; background_layout=&#8221;dark&#8221; custom_margin=&#8221;||18px|||&#8221; header_font_size_tablet=&#8221;80px&#8221; header_font_size_phone=&#8221;40px&#8221; header_font_size_last_edited=&#8221;on|desktop&#8221; header_4_font_size_tablet=&#8221;20px&#8221; header_4_font_size_phone=&#8221;16px&#8221; header_4_font_size_last_edited=&#8221;on|phone&#8221; global_colors_info=&#8221;{}&#8221;]<\/p>\n<p><span style=\"font-size: 17px;\"><span>You&#8217;ve come to the right place. Come and visit us without obligation.<\/span><\/span><\/p>\n<p>[\/et_pb_text][et_pb_button button_url=&#8221;https:\/\/api.whatsapp.com\/send?phone=34616255210&#038;text=Hola,%20quer\u00eda%20m\u00e1s%20informaci\u00f3n%20sobre%20Kaizen&#8221; url_new_window=&#8221;on&#8221; button_text=&#8221;CONTACT US&#8221; _builder_version=&#8221;4.16&#8243; _module_preset=&#8221;default&#8221; global_colors_info=&#8221;{}&#8221;][\/et_pb_button][\/et_pb_column][et_pb_column type=&#8221;3_5&#8243; _builder_version=&#8221;4.16&#8243; custom_padding=&#8221;12vw||||false|false&#8221; custom_padding_tablet=&#8221;0px||||false|false&#8221; custom_padding_phone=&#8221;&#8221; custom_padding_last_edited=&#8221;on|phone&#8221; global_colors_info=&#8221;{}&#8221;][\/et_pb_column][\/et_pb_row][\/et_pb_section]<\/p>\n","protected":false},"excerpt":{"rendered":"<p>+34 952 77 77 47 +34 616 25 52 10 &nbsp;<span \n                data-original-string='x2OTaIAhHJd+Gfl31JcyRA==355p8CozUX3KvYkle+5GyC9VwjJxsuGxfIsyY6d9PkScVZ3uhkeJdM57v6TnbledbGr'\n                class='apbct-email-encoder'\n                title='This contact has been encoded by Anti-Spam by CleanTalk. Click to decode. To finish the decoding make sure that JavaScript is enabled in your browser.'>re<span class=\"apbct-blur\">*******<\/span>@<span class=\"apbct-blur\">***********<\/span>en.comPinsapo<\/span> Street 8, 1\u00baB29601 MarbellaMonday, Tuesday and Thursday12 &#8211; 14 h15 &#8211; 20:30 hWednesday and Friday9:30 &#8211; 14 h15 &#8211; 18 hWrite us your questions, in Kaizen Clinic we will help you Call us or send us a message, we will answer you as soon as possible. [ninja_form id=4]Come and visit usCome visit us at our orthodontic clinic in MarbellaRequest an appointment at Kaizen ClinicStart the change of your smile with your orthodontics in MarbellaYou&#8217;ve come to the right place. Come and visit us without obligation.<\/p>\n","protected":false},"author":3,"featured_media":0,"parent":0,"menu_order":0,"comment_status":"closed","ping_status":"closed","template":"","meta":{"_et_pb_use_builder":"on","_et_pb_old_content":"","_et_gb_content_width":"","footnotes":""},"difl_page_category":[],"class_list":["post-52310","page","type-page","status-publish","hentry"],"yoast_head":"<!-- This site is optimized with the Yoast SEO plugin v27.4 - https:\/\/yoast.com\/product\/yoast-seo-wordpress\/ -->\n<title>Contact - Kaizen Clinic, your Orthodontics in Marbella<\/title>\n<meta name=\"description\" content=\"Do you have any questions or need more information? Call us or send us a message, we will respond as soon as possible.\" \/>\n<meta name=\"robots\" content=\"index, follow, max-snippet:-1, max-image-preview:large, max-video-preview:-1\" \/>\n<link rel=\"canonical\" href=\"https:\/\/clinicakaizen.com\/en\/contact\/\" \/>\n<meta property=\"og:locale\" content=\"en_US\" \/>\n<meta property=\"og:type\" content=\"article\" \/>\n<meta property=\"og:title\" content=\"Contact - Kaizen Clinic, your Orthodontics in Marbella\" \/>\n<meta property=\"og:description\" content=\"Do you have any questions or need more information? Call us or send us a message, we will respond as soon as possible.\" \/>\n<meta property=\"og:url\" content=\"https:\/\/clinicakaizen.com\/en\/contact\/\" \/>\n<meta property=\"og:site_name\" content=\"Kaizen Ortodoncia\" \/>\n<meta property=\"article:modified_time\" content=\"2026-01-23T15:03:29+00:00\" \/>\n<meta property=\"og:image\" content=\"https:\/\/clinicakaizen.com\/wp-content\/uploads\/2021\/06\/kaizen-42-scaled-1.jpg\" \/>\n\t<meta property=\"og:image:width\" content=\"2560\" \/>\n\t<meta property=\"og:image:height\" content=\"1707\" \/>\n\t<meta property=\"og:image:type\" content=\"image\/jpeg\" \/>\n<meta name=\"twitter:card\" content=\"summary_large_image\" \/>\n<meta name=\"twitter:title\" content=\"Contact - Kaizen Clinic, your Orthodontics in Marbella\" \/>\n<meta name=\"twitter:description\" content=\"Do you have any questions or need more information? Call us or send us a message, we will respond as soon as possible.\" \/>\n<meta name=\"twitter:image\" content=\"https:\/\/clinicakaizen.com\/wp-content\/uploads\/2021\/06\/kaizen-42-scaled-1.jpg\" \/>\n<meta name=\"twitter:label1\" content=\"Est. reading time\" \/>\n\t<meta name=\"twitter:data1\" content=\"2 minutes\" \/>\n<script type=\"application\/ld+json\" class=\"yoast-schema-graph\">{\"@context\":\"https:\\\/\\\/schema.org\",\"@graph\":[{\"@type\":\"WebPage\",\"@id\":\"https:\\\/\\\/clinicakaizen.com\\\/en\\\/contact\\\/\",\"url\":\"https:\\\/\\\/clinicakaizen.com\\\/en\\\/contact\\\/\",\"name\":\"Contact - Kaizen Clinic, your Orthodontics in Marbella\",\"isPartOf\":{\"@id\":\"https:\\\/\\\/clinicakaizen.com\\\/en\\\/#website\"},\"datePublished\":\"2020-12-10T07:31:11+00:00\",\"dateModified\":\"2026-01-23T15:03:29+00:00\",\"description\":\"Do you have any questions or need more information? Call us or send us a message, we will respond as soon as possible.\",\"breadcrumb\":{\"@id\":\"https:\\\/\\\/clinicakaizen.com\\\/en\\\/contact\\\/#breadcrumb\"},\"inLanguage\":\"en-US\",\"potentialAction\":[{\"@type\":\"ReadAction\",\"target\":[\"https:\\\/\\\/clinicakaizen.com\\\/en\\\/contact\\\/\"]}]},{\"@type\":\"BreadcrumbList\",\"@id\":\"https:\\\/\\\/clinicakaizen.com\\\/en\\\/contact\\\/#breadcrumb\",\"itemListElement\":[{\"@type\":\"ListItem\",\"position\":1,\"name\":\"Portada\",\"item\":\"https:\\\/\\\/clinicakaizen.com\\\/en\\\/home\\\/\"},{\"@type\":\"ListItem\",\"position\":2,\"name\":\"Contact\"}]},{\"@type\":\"WebSite\",\"@id\":\"https:\\\/\\\/clinicakaizen.com\\\/en\\\/#website\",\"url\":\"https:\\\/\\\/clinicakaizen.com\\\/en\\\/\",\"name\":\"Kaizen Ortodoncia\",\"description\":\"Cl\u00ednica Kaizen, tu ortodoncia en Marbella\",\"publisher\":{\"@id\":\"https:\\\/\\\/clinicakaizen.com\\\/en\\\/#organization\"},\"potentialAction\":[{\"@type\":\"SearchAction\",\"target\":{\"@type\":\"EntryPoint\",\"urlTemplate\":\"https:\\\/\\\/clinicakaizen.com\\\/en\\\/?s={search_term_string}\"},\"query-input\":{\"@type\":\"PropertyValueSpecification\",\"valueRequired\":true,\"valueName\":\"search_term_string\"}}],\"inLanguage\":\"en-US\"},{\"@type\":\"Organization\",\"@id\":\"https:\\\/\\\/clinicakaizen.com\\\/en\\\/#organization\",\"name\":\"Cl\u00ednica Kaizen\",\"url\":\"https:\\\/\\\/clinicakaizen.com\\\/en\\\/\",\"logo\":{\"@type\":\"ImageObject\",\"inLanguage\":\"en-US\",\"@id\":\"https:\\\/\\\/clinicakaizen.com\\\/en\\\/#\\\/schema\\\/logo\\\/image\\\/\",\"url\":\"https:\\\/\\\/clinicakaizen.com\\\/wp-content\\\/uploads\\\/2020\\\/09\\\/Logo-Kaizen-Ortodoncia-01.png\",\"contentUrl\":\"https:\\\/\\\/clinicakaizen.com\\\/wp-content\\\/uploads\\\/2020\\\/09\\\/Logo-Kaizen-Ortodoncia-01.png\",\"width\":3544,\"height\":1306,\"caption\":\"Cl\u00ednica Kaizen\"},\"image\":{\"@id\":\"https:\\\/\\\/clinicakaizen.com\\\/en\\\/#\\\/schema\\\/logo\\\/image\\\/\"}}]}<\/script>\n<!-- \/ Yoast SEO plugin. -->","yoast_head_json":{"title":"Contact - Kaizen Clinic, your Orthodontics in Marbella","description":"Do you have any questions or need more information? Call us or send us a message, we will respond as soon as possible.","robots":{"index":"index","follow":"follow","max-snippet":"max-snippet:-1","max-image-preview":"max-image-preview:large","max-video-preview":"max-video-preview:-1"},"canonical":"https:\/\/clinicakaizen.com\/en\/contact\/","og_locale":"en_US","og_type":"article","og_title":"Contact - Kaizen Clinic, your Orthodontics in Marbella","og_description":"Do you have any questions or need more information? Call us or send us a message, we will respond as soon as possible.","og_url":"https:\/\/clinicakaizen.com\/en\/contact\/","og_site_name":"Kaizen Ortodoncia","article_modified_time":"2026-01-23T15:03:29+00:00","og_image":[{"width":2560,"height":1707,"url":"https:\/\/clinicakaizen.com\/wp-content\/uploads\/2021\/06\/kaizen-42-scaled-1.jpg","type":"image\/jpeg"}],"twitter_card":"summary_large_image","twitter_title":"Contact - Kaizen Clinic, your Orthodontics in Marbella","twitter_description":"Do you have any questions or need more information? Call us or send us a message, we will respond as soon as possible.","twitter_image":"https:\/\/clinicakaizen.com\/wp-content\/uploads\/2021\/06\/kaizen-42-scaled-1.jpg","twitter_misc":{"Est. reading time":"2 minutes"},"schema":{"@context":"https:\/\/schema.org","@graph":[{"@type":"WebPage","@id":"https:\/\/clinicakaizen.com\/en\/contact\/","url":"https:\/\/clinicakaizen.com\/en\/contact\/","name":"Contact - Kaizen Clinic, your Orthodontics in Marbella","isPartOf":{"@id":"https:\/\/clinicakaizen.com\/en\/#website"},"datePublished":"2020-12-10T07:31:11+00:00","dateModified":"2026-01-23T15:03:29+00:00","description":"Do you have any questions or need more information? Call us or send us a message, we will respond as soon as possible.","breadcrumb":{"@id":"https:\/\/clinicakaizen.com\/en\/contact\/#breadcrumb"},"inLanguage":"en-US","potentialAction":[{"@type":"ReadAction","target":["https:\/\/clinicakaizen.com\/en\/contact\/"]}]},{"@type":"BreadcrumbList","@id":"https:\/\/clinicakaizen.com\/en\/contact\/#breadcrumb","itemListElement":[{"@type":"ListItem","position":1,"name":"Portada","item":"https:\/\/clinicakaizen.com\/en\/home\/"},{"@type":"ListItem","position":2,"name":"Contact"}]},{"@type":"WebSite","@id":"https:\/\/clinicakaizen.com\/en\/#website","url":"https:\/\/clinicakaizen.com\/en\/","name":"Kaizen Ortodoncia","description":"Cl\u00ednica Kaizen, tu ortodoncia en Marbella","publisher":{"@id":"https:\/\/clinicakaizen.com\/en\/#organization"},"potentialAction":[{"@type":"SearchAction","target":{"@type":"EntryPoint","urlTemplate":"https:\/\/clinicakaizen.com\/en\/?s={search_term_string}"},"query-input":{"@type":"PropertyValueSpecification","valueRequired":true,"valueName":"search_term_string"}}],"inLanguage":"en-US"},{"@type":"Organization","@id":"https:\/\/clinicakaizen.com\/en\/#organization","name":"Cl\u00ednica Kaizen","url":"https:\/\/clinicakaizen.com\/en\/","logo":{"@type":"ImageObject","inLanguage":"en-US","@id":"https:\/\/clinicakaizen.com\/en\/#\/schema\/logo\/image\/","url":"https:\/\/clinicakaizen.com\/wp-content\/uploads\/2020\/09\/Logo-Kaizen-Ortodoncia-01.png","contentUrl":"https:\/\/clinicakaizen.com\/wp-content\/uploads\/2020\/09\/Logo-Kaizen-Ortodoncia-01.png","width":3544,"height":1306,"caption":"Cl\u00ednica Kaizen"},"image":{"@id":"https:\/\/clinicakaizen.com\/en\/#\/schema\/logo\/image\/"}}]}},"_links":{"self":[{"href":"https:\/\/clinicakaizen.com\/en\/wp-json\/wp\/v2\/pages\/52310","targetHints":{"allow":["GET"]}}],"collection":[{"href":"https:\/\/clinicakaizen.com\/en\/wp-json\/wp\/v2\/pages"}],"about":[{"href":"https:\/\/clinicakaizen.com\/en\/wp-json\/wp\/v2\/types\/page"}],"author":[{"embeddable":true,"href":"https:\/\/clinicakaizen.com\/en\/wp-json\/wp\/v2\/users\/3"}],"replies":[{"embeddable":true,"href":"https:\/\/clinicakaizen.com\/en\/wp-json\/wp\/v2\/comments?post=52310"}],"version-history":[{"count":0,"href":"https:\/\/clinicakaizen.com\/en\/wp-json\/wp\/v2\/pages\/52310\/revisions"}],"wp:attachment":[{"href":"https:\/\/clinicakaizen.com\/en\/wp-json\/wp\/v2\/media?parent=52310"}],"wp:term":[{"taxonomy":"difl_page_category","embeddable":true,"href":"https:\/\/clinicakaizen.com\/en\/wp-json\/wp\/v2\/difl_page_category?post=52310"}],"curies":[{"name":"wp","href":"https:\/\/api.w.org\/{rel}","templated":true}]}}