{"id":54433,"date":"2021-09-23T10:27:30","date_gmt":"2021-09-23T10:27:30","guid":{"rendered":"https:\/\/clinicakaizen.com\/consulta-virtual"},"modified":"2026-01-23T16:03:37","modified_gmt":"2026-01-23T15:03:37","slug":"virtual-consultation","status":"publish","type":"page","link":"https:\/\/clinicakaizen.com\/en\/virtual-consultation\/","title":{"rendered":"Virtual Consultation"},"content":{"rendered":"<p>[et_pb_section fb_built=&#8221;1&#8243; admin_label=&#8221;Contact&#8221; module_id=&#8221;infocontacto&#8221; _builder_version=&#8221;4.6.3&#8243; _module_preset=&#8221;default&#8221; background_color=&#8221;#efefef&#8221; background_enable_image=&#8221;off&#8221; custom_padding=&#8221;33px||18px|||&#8221; global_colors_info=&#8221;{}&#8221;][et_pb_row column_structure=&#8221;2_5,3_5&#8243; module_id=&#8221;consulta&#8221; _builder_version=&#8221;4.9.4&#8243; _module_preset=&#8221;default&#8221; width=&#8221;100%&#8221; width_tablet=&#8221;&#8221; width_phone=&#8221;89%&#8221; width_last_edited=&#8221;on|phone&#8221; max_width_tablet=&#8221;&#8221; max_width_phone=&#8221;1622%&#8221; max_width_last_edited=&#8221;on|phone&#8221; custom_margin_tablet=&#8221;&#8221; custom_margin_phone=&#8221;|20px||20px|false|true&#8221; custom_margin_last_edited=&#8221;on|phone&#8221; global_colors_info=&#8221;{}&#8221;][et_pb_column type=&#8221;2_5&#8243; _builder_version=&#8221;4.5.1&#8243; _module_preset=&#8221;default&#8221; global_colors_info=&#8221;{}&#8221;][et_pb_text _builder_version=&#8221;4.10.8&#8243; text_font=&#8221;|500|||||||&#8221; text_font_size=&#8221;17px&#8221; text_line_height=&#8221;2em&#8221; link_font=&#8221;Montserrat|700|||||||&#8221; link_text_color=&#8221;#fa546d&#8221; link_font_size=&#8221;22px&#8221; link_line_height=&#8221;1.5em&#8221; header_font=&#8221;||||||||&#8221; header_text_align=&#8221;left&#8221; header_font_size=&#8221;40px&#8221; header_2_font=&#8221;||||||||&#8221; header_2_font_size=&#8221;40px&#8221; header_2_line_height=&#8221;1.4em&#8221; header_6_font=&#8221;Muli|600||on|||||&#8221; header_6_text_color=&#8221;#bcbcbc&#8221; header_6_font_size=&#8221;16px&#8221; header_6_letter_spacing=&#8221;2px&#8221; header_6_line_height=&#8221;1.5em&#8221; max_width_last_edited=&#8221;off|desktop&#8221; module_alignment=&#8221;center&#8221; custom_margin=&#8221;3px||-1px|||&#8221; custom_padding=&#8221;1px||3px|||&#8221; header_2_font_size_tablet=&#8221;&#8221; header_2_font_size_phone=&#8221;24px&#8221; header_2_font_size_last_edited=&#8221;on|phone&#8221; global_colors_info=&#8221;{}&#8221;]<\/p>\n<h1><span>Virtual Consultation Kaizen Clinic<\/span><\/h1>\n<p>[\/et_pb_text][et_pb_divider color=&#8221;#474747&#8243; divider_weight=&#8221;3px&#8221; _builder_version=&#8221;4.6.3&#8243; _module_preset=&#8221;default&#8221; width=&#8221;100px&#8221; custom_margin=&#8221;||7px|||&#8221; global_colors_info=&#8221;{}&#8221;][\/et_pb_divider][et_pb_text _builder_version=&#8221;4.10.8&#8243; text_font=&#8221;|500|||||||&#8221; text_font_size=&#8221;17px&#8221; text_line_height=&#8221;2em&#8221; link_font=&#8221;Montserrat|700|||||||&#8221; link_text_color=&#8221;#fa546d&#8221; link_font_size=&#8221;22px&#8221; link_line_height=&#8221;1.5em&#8221; header_font=&#8221;||||||||&#8221; header_text_align=&#8221;left&#8221; header_2_font=&#8221;||||||||&#8221; header_2_font_size=&#8221;40px&#8221; header_2_line_height=&#8221;1.4em&#8221; header_6_font=&#8221;Muli|600||on|||||&#8221; header_6_text_color=&#8221;#bcbcbc&#8221; header_6_font_size=&#8221;16px&#8221; header_6_letter_spacing=&#8221;2px&#8221; header_6_line_height=&#8221;1.5em&#8221; text_orientation=&#8221;justified&#8221; max_width_last_edited=&#8221;off|desktop&#8221; module_alignment=&#8221;center&#8221; custom_margin=&#8221;3px||-1px|||&#8221; custom_padding=&#8221;1px||34px|||&#8221; header_2_font_size_tablet=&#8221;&#8221; header_2_font_size_phone=&#8221;24px&#8221; header_2_font_size_last_edited=&#8221;on|phone&#8221; global_colors_info=&#8221;{}&#8221;]<\/p>\n<p>In addition to attending our dental clinic in Marbella, you can also make an <strong>online appointment<\/strong> to speak with our doctor Lourdes Bueno.<\/p>\n<p>Dr. Lourdes Bueno is a <strong>highly qualified professional in the main orthodontic treatments.<\/strong><\/p>\n<p>[\/et_pb_text][et_pb_image src=&#8221;https:\/\/clinicakaizen.com\/wp-content\/uploads\/2021\/06\/equipo-kaizen-Lourdes-Bueno.jpg&#8221; alt=&#8221;equipo kaizen Lourdes Bueno&#8221; title_text=&#8221;equipo kaizen Lourdes Bueno&#8221; align=&#8221;center&#8221; disabled_on=&#8221;on|off|off&#8221; _builder_version=&#8221;4.10.8&#8243; _module_preset=&#8221;default&#8221; global_colors_info=&#8221;{}&#8221;][\/et_pb_image][\/et_pb_column][et_pb_column type=&#8221;3_5&#8243; _builder_version=&#8221;4.5.1&#8243; _module_preset=&#8221;default&#8221; global_colors_info=&#8221;{}&#8221;][et_pb_text _builder_version=&#8221;4.10.8&#8243; text_font=&#8221;|500|||||||&#8221; text_font_size=&#8221;17px&#8221; text_line_height=&#8221;2em&#8221; link_font=&#8221;Montserrat|700|||||||&#8221; link_text_color=&#8221;#fa546d&#8221; link_font_size=&#8221;22px&#8221; link_line_height=&#8221;1.5em&#8221; header_font=&#8221;||||||||&#8221; header_text_align=&#8221;left&#8221; header_2_font=&#8221;||||||||&#8221; header_2_font_size=&#8221;28px&#8221; header_2_line_height=&#8221;1.4em&#8221; header_6_font=&#8221;Muli|600||on|||||&#8221; header_6_text_color=&#8221;#bcbcbc&#8221; header_6_font_size=&#8221;16px&#8221; header_6_letter_spacing=&#8221;2px&#8221; header_6_line_height=&#8221;1.5em&#8221; max_width_last_edited=&#8221;off|desktop&#8221; module_alignment=&#8221;center&#8221; custom_margin=&#8221;3px||-1px|||&#8221; custom_padding=&#8221;1px||3px|||&#8221; header_2_font_size_tablet=&#8221;&#8221; header_2_font_size_phone=&#8221;24px&#8221; header_2_font_size_last_edited=&#8221;on|phone&#8221; global_colors_info=&#8221;{}&#8221;]<\/p>\n<h2>Request your appointment now<\/h2>\n<p>[\/et_pb_text][et_pb_text _builder_version=&#8221;4.10.8&#8243; text_font=&#8221;|500|||||||&#8221; text_font_size=&#8221;17px&#8221; text_line_height=&#8221;2em&#8221; link_font=&#8221;Montserrat|700|||||||&#8221; link_text_color=&#8221;#fa546d&#8221; link_font_size=&#8221;22px&#8221; link_line_height=&#8221;1.5em&#8221; header_font=&#8221;||||||||&#8221; header_text_align=&#8221;left&#8221; header_2_font=&#8221;||||||||&#8221; header_2_font_size=&#8221;40px&#8221; header_2_line_height=&#8221;1.4em&#8221; header_6_font=&#8221;Muli|600||on|||||&#8221; header_6_text_color=&#8221;#bcbcbc&#8221; header_6_font_size=&#8221;16px&#8221; header_6_letter_spacing=&#8221;2px&#8221; header_6_line_height=&#8221;1.5em&#8221; text_orientation=&#8221;justified&#8221; max_width_last_edited=&#8221;off|desktop&#8221; module_alignment=&#8221;center&#8221; custom_margin=&#8221;3px||-1px|||&#8221; custom_padding=&#8221;1px||3px|||&#8221; header_2_font_size_tablet=&#8221;&#8221; header_2_font_size_phone=&#8221;24px&#8221; header_2_font_size_last_edited=&#8221;on|phone&#8221; global_colors_info=&#8221;{}&#8221;]<\/p>\n<section data-particle_enable=\"false\" class=\"elementor-section elementor-top-section elementor-element elementor-element-2165227 elementor-section-boxed elementor-section-height-default elementor-section-height-default\" data-id=\"2165227\" data-element_type=\"section\">\n<div class=\"elementor-container elementor-column-gap-default\">\n<div class=\"elementor-row\">\n<div class=\"elementor-column elementor-col-100 elementor-top-column elementor-element elementor-element-805a670\" data-id=\"805a670\" data-element_type=\"column\">\n<div class=\"elementor-column-wrap elementor-element-populated\">\n<div class=\"elementor-widget-wrap\">\n<div class=\"elementor-element elementor-element-c72b9c3 elementor-widget elementor-widget-text-editor\" data-id=\"c72b9c3\" data-element_type=\"widget\" data-widget_type=\"text-editor.default\">\n<div class=\"elementor-widget-container\">\n<div class=\"elementor-text-editor elementor-clearfix\">If you live far away and you want to find out if your case has a solution or you simply want to ask for a second opinion, you can schedule an appointment with us and we will give you an answer in the shortest possible time.<\/div>\n<\/div>\n<\/div>\n<\/div>\n<\/div>\n<\/div>\n<\/div>\n<\/div>\n<\/section>\n<p>[\/et_pb_text][et_pb_code _builder_version=&#8221;4.10.8&#8243; _module_preset=&#8221;default&#8221; background_color=&#8221;#efefef&#8221; custom_padding=&#8221;29px|||||&#8221; global_colors_info=&#8221;{}&#8221;][caldera_form id=&#8221;CF615f0d166a91a&#8221;][\/et_pb_code][\/et_pb_column][\/et_pb_row][et_pb_row column_structure=&#8221;1_3,1_3,1_3&#8243; _builder_version=&#8221;4.6.3&#8243; _module_preset=&#8221;default&#8221; global_colors_info=&#8221;{}&#8221;][et_pb_column type=&#8221;1_3&#8243; _builder_version=&#8221;4.6.3&#8243; _module_preset=&#8221;default&#8221; global_colors_info=&#8221;{}&#8221;][et_pb_blurb title=&#8221;UNLIMITED CONSULTATION TIME&#8221; use_icon=&#8221;on&#8221; font_icon=&#8221;&#x7d;||divi||400&#8243; icon_color=&#8221;#829396&#8243; _builder_version=&#8221;4.13.0&#8243; _module_preset=&#8221;default&#8221; header_font=&#8221;|700||on|||||&#8221; body_font_size=&#8221;21px&#8221; text_orientation=&#8221;center&#8221; global_colors_info=&#8221;{}&#8221;][\/et_pb_blurb][\/et_pb_column][et_pb_column type=&#8221;1_3&#8243; _builder_version=&#8221;4.6.3&#8243; _module_preset=&#8221;default&#8221; global_colors_info=&#8221;{}&#8221;][et_pb_blurb title=&#8221;CUSTOM STUDY&#8221; use_icon=&#8221;on&#8221; font_icon=&#8221;&#x55;||divi||400&#8243; icon_color=&#8221;#829396&#8243; _builder_version=&#8221;4.13.0&#8243; _module_preset=&#8221;default&#8221; header_font=&#8221;|700||on|||||&#8221; text_orientation=&#8221;center&#8221; global_colors_info=&#8221;{}&#8221;][\/et_pb_blurb][\/et_pb_column][et_pb_column type=&#8221;1_3&#8243; _builder_version=&#8221;4.6.3&#8243; _module_preset=&#8221;default&#8221; global_colors_info=&#8221;{}&#8221;][et_pb_blurb title=&#8221;CLOSE AND FAMILY TREATMENT&#8221; use_icon=&#8221;on&#8221; font_icon=&#8221;&#xe009;||divi||400&#8243; icon_color=&#8221;#829396&#8243; _builder_version=&#8221;4.13.0&#8243; _module_preset=&#8221;default&#8221; header_font=&#8221;|700||on|||||&#8221; text_orientation=&#8221;center&#8221; global_colors_info=&#8221;{}&#8221;][\/et_pb_blurb][\/et_pb_column][\/et_pb_row][\/et_pb_section][et_pb_section fb_built=&#8221;1&#8243; custom_padding_last_edited=&#8221;off|phone&#8221; admin_label=&#8221;cabecera interior&#8221; _builder_version=&#8221;4.10.8&#8243; background_color_gradient_direction=&#8221;89deg&#8221; background_image=&#8221;https:\/\/clinicakaizen.com\/wp-content\/uploads\/2020\/12\/imagen-rectangular-Clann-e1607590328479.png&#8221; parallax=&#8221;on&#8221; parallax_method=&#8221;off&#8221; background_enable_video_mp4=&#8221;off&#8221; allow_player_pause=&#8221;on&#8221; custom_padding=&#8221;0vw||0vw|20%|true|false&#8221; custom_padding_tablet=&#8221;0px||12vw||false|false&#8221; custom_padding_phone=&#8221;0px||||false|false&#8221; top_divider_color=&#8221;rgba(255,255,255,0.44)&#8221; top_divider_height=&#8221;246%&#8221; top_divider_repeat=&#8221;0x&#8221; top_divider_flip=&#8221;vertical&#8221; global_colors_info=&#8221;{}&#8221;][et_pb_row column_structure=&#8221;1_2,1_2&#8243; custom_padding_last_edited=&#8221;on|desktop&#8221; _builder_version=&#8221;4.10.8&#8243; module_alignment=&#8221;left&#8221; custom_margin=&#8221;||||true|false&#8221; custom_padding=&#8221;50px|5px|50px|5px|true|true&#8221; custom_padding_tablet=&#8221;12vw||||false|true&#8221; custom_padding_phone=&#8221;20vw|30px||30px|false|true&#8221; border_color_all=&#8221;#aa222d&#8221; global_colors_info=&#8221;{}&#8221;][et_pb_column type=&#8221;1_2&#8243; _builder_version=&#8221;4.6.3&#8243; background_color=&#8221;#ffffff&#8221; custom_padding=&#8221;5vw|3vw|5vw|3vw|true|true&#8221; global_colors_info=&#8221;{}&#8221;][et_pb_text _builder_version=&#8221;4.10.8&#8243; text_text_color=&#8221;#000000&#8243; text_font_size=&#8221;19px&#8221; text_line_height=&#8221;1.8em&#8221; header_font=&#8221;|500|||||||&#8221; header_text_color=&#8221;#353535&#8243; header_font_size=&#8221;3vw&#8221; header_2_font=&#8221;|800|||||||&#8221; header_2_text_color=&#8221;#829396&#8243; header_2_font_size=&#8221;24px&#8221; header_4_font=&#8221;|800|||||||&#8221; header_4_text_color=&#8221;#829396&#8243; header_4_font_size=&#8221;24px&#8221; custom_margin=&#8221;||5px|||&#8221; header_font_size_tablet=&#8221;80px&#8221; header_font_size_phone=&#8221;40px&#8221; header_font_size_last_edited=&#8221;on|desktop&#8221; header_4_font_size_tablet=&#8221;20px&#8221; header_4_font_size_phone=&#8221;16px&#8221; header_4_font_size_last_edited=&#8221;on|phone&#8221; global_colors_info=&#8221;{}&#8221;]<\/p>\n<h2>Kaizen Clinic, specialists in orthodontics<\/h2>\n<p>[\/et_pb_text][et_pb_text _builder_version=&#8221;4.10.8&#8243; text_text_color=&#8221;#000000&#8243; text_font_size=&#8221;19px&#8221; text_line_height=&#8221;1.8em&#8221; header_font=&#8221;|500|||||||&#8221; header_text_color=&#8221;#353535&#8243; header_font_size=&#8221;3vw&#8221; header_2_font_size=&#8221;2vw&#8221; header_4_font=&#8221;|800|||||||&#8221; header_4_text_color=&#8221;#829396&#8243; header_4_font_size=&#8221;24px&#8221; custom_margin=&#8221;||18px|||&#8221; header_font_size_tablet=&#8221;80px&#8221; header_font_size_phone=&#8221;40px&#8221; header_font_size_last_edited=&#8221;on|desktop&#8221; header_4_font_size_tablet=&#8221;20px&#8221; header_4_font_size_phone=&#8221;16px&#8221; header_4_font_size_last_edited=&#8221;on|phone&#8221; global_colors_info=&#8221;{}&#8221;]<\/p>\n<h2><span>Start the change of your smile with your orthodontics in Marbella<\/span><\/h2>\n<p>[\/et_pb_text][et_pb_divider color=&#8221;#474747&#8243; divider_weight=&#8221;3px&#8221; _builder_version=&#8221;4.6.3&#8243; _module_preset=&#8221;default&#8221; width=&#8221;100px&#8221; custom_margin=&#8221;||7px|||&#8221; global_colors_info=&#8221;{}&#8221;][\/et_pb_divider][et_pb_text _builder_version=&#8221;4.6.3&#8243; text_text_color=&#8221;#4c4c4c&#8221; text_font_size=&#8221;17px&#8221; text_line_height=&#8221;1.8em&#8221; header_font=&#8221;Muli|500|||||||&#8221; header_text_color=&#8221;#ffffff&#8221; header_font_size=&#8221;3vw&#8221; header_4_font=&#8221;Muli|800|||||||&#8221; header_4_text_color=&#8221;#aa222d&#8221; header_4_font_size=&#8221;24px&#8221; background_layout=&#8221;dark&#8221; custom_margin=&#8221;||18px|||&#8221; header_font_size_tablet=&#8221;80px&#8221; header_font_size_phone=&#8221;40px&#8221; header_font_size_last_edited=&#8221;on|desktop&#8221; header_4_font_size_tablet=&#8221;20px&#8221; header_4_font_size_phone=&#8221;16px&#8221; header_4_font_size_last_edited=&#8221;on|phone&#8221; global_colors_info=&#8221;{}&#8221;]<\/p>\n<p>And if, on the other hand, you want to make a physical appointment, come visit us without obligation.<\/p>\n<p>[\/et_pb_text][et_pb_button button_url=&#8221;https:\/\/api.whatsapp.com\/send?phone=34616255210&#038;text=Hola,%20quer\u00eda%20m\u00e1s%20informaci\u00f3n%20sobre%20Kaizen&#8221; url_new_window=&#8221;on&#8221; button_text=&#8221;Contact us&#8221; _builder_version=&#8221;4.10.8&#8243; _module_preset=&#8221;default&#8221; global_colors_info=&#8221;{}&#8221;][\/et_pb_button][\/et_pb_column][et_pb_column type=&#8221;1_2&#8243; _builder_version=&#8221;4.10.8&#8243; background_enable_color=&#8221;off&#8221; custom_padding=&#8221;5vw|3vw|5vw|3vw|true|true&#8221; global_colors_info=&#8221;{}&#8221;][\/et_pb_column][\/et_pb_row][\/et_pb_section]<\/p>\n","protected":false},"excerpt":{"rendered":"<p>Virtual Consultation Kaizen ClinicIn addition to attending our dental clinic in Marbella, you can also make an online appointment to speak with our doctor Lourdes Bueno. Dr. Lourdes Bueno is a highly qualified professional in the main orthodontic treatments.Request your appointment now If you live far away and you want to find out if your case has a solution or you simply want to ask for a second opinion, you can schedule an appointment with us and we will give you an answer in the shortest possible time. [caldera_form id=&#8221;CF615f0d166a91a&#8221;]Kaizen Clinic, specialists in orthodonticsStart the change of your smile with your orthodontics in MarbellaAnd if, on the other hand, you want to make a physical appointment, come visit us without obligation.<\/p>\n","protected":false},"author":3,"featured_media":0,"parent":0,"menu_order":0,"comment_status":"closed","ping_status":"closed","template":"","meta":{"_et_pb_use_builder":"on","_et_pb_old_content":"<!-- wp:divi\/placeholder \/-->","_et_gb_content_width":"","footnotes":""},"difl_page_category":[],"class_list":["post-54433","page","type-page","status-publish","hentry"],"yoast_head":"<!-- This site is optimized with the Yoast SEO plugin v27.3 - https:\/\/yoast.com\/product\/yoast-seo-wordpress\/ -->\n<title>Virtual Consultation - Kaizen Ortodoncia<\/title>\n<meta name=\"robots\" content=\"index, follow, max-snippet:-1, max-image-preview:large, max-video-preview:-1\" \/>\n<link rel=\"canonical\" href=\"https:\/\/clinicakaizen.com\/en\/virtual-consultation\/\" \/>\n<meta property=\"og:locale\" content=\"en_US\" \/>\n<meta property=\"og:type\" content=\"article\" \/>\n<meta property=\"og:title\" content=\"Virtual Consultation - Kaizen Ortodoncia\" \/>\n<meta property=\"og:description\" content=\"Virtual Consultation Kaizen ClinicIn addition to attending our dental clinic in Marbella, you can also make an online appointment to speak with our doctor Lourdes Bueno. Dr. Lourdes Bueno is a highly qualified professional in the main orthodontic treatments.Request your appointment now If you live far away and you want to find out if your case has a solution or you simply want to ask for a second opinion, you can schedule an appointment with us and we will give you an answer in the shortest possible time. [caldera_form id=&quot;CF615f0d166a91a&quot;]Kaizen Clinic, specialists in orthodonticsStart the change of your smile with your orthodontics in MarbellaAnd if, on the other hand, you want to make a physical appointment, come visit us without obligation.\" \/>\n<meta property=\"og:url\" content=\"https:\/\/clinicakaizen.com\/en\/virtual-consultation\/\" \/>\n<meta property=\"og:site_name\" content=\"Kaizen Ortodoncia\" \/>\n<meta property=\"article:modified_time\" content=\"2026-01-23T15:03:37+00:00\" \/>\n<meta name=\"twitter:card\" content=\"summary_large_image\" \/>\n<meta name=\"twitter:label1\" content=\"Est. reading time\" \/>\n\t<meta name=\"twitter:data1\" content=\"3 minutes\" \/>\n<script type=\"application\/ld+json\" class=\"yoast-schema-graph\">{\"@context\":\"https:\\\/\\\/schema.org\",\"@graph\":[{\"@type\":\"WebPage\",\"@id\":\"https:\\\/\\\/clinicakaizen.com\\\/en\\\/virtual-consultation\\\/\",\"url\":\"https:\\\/\\\/clinicakaizen.com\\\/en\\\/virtual-consultation\\\/\",\"name\":\"Virtual Consultation - Kaizen Ortodoncia\",\"isPartOf\":{\"@id\":\"https:\\\/\\\/clinicakaizen.com\\\/en\\\/#website\"},\"datePublished\":\"2021-09-23T10:27:30+00:00\",\"dateModified\":\"2026-01-23T15:03:37+00:00\",\"breadcrumb\":{\"@id\":\"https:\\\/\\\/clinicakaizen.com\\\/en\\\/virtual-consultation\\\/#breadcrumb\"},\"inLanguage\":\"en-US\",\"potentialAction\":[{\"@type\":\"ReadAction\",\"target\":[\"https:\\\/\\\/clinicakaizen.com\\\/en\\\/virtual-consultation\\\/\"]}]},{\"@type\":\"BreadcrumbList\",\"@id\":\"https:\\\/\\\/clinicakaizen.com\\\/en\\\/virtual-consultation\\\/#breadcrumb\",\"itemListElement\":[{\"@type\":\"ListItem\",\"position\":1,\"name\":\"Portada\",\"item\":\"https:\\\/\\\/clinicakaizen.com\\\/en\\\/home\\\/\"},{\"@type\":\"ListItem\",\"position\":2,\"name\":\"Virtual Consultation\"}]},{\"@type\":\"WebSite\",\"@id\":\"https:\\\/\\\/clinicakaizen.com\\\/en\\\/#website\",\"url\":\"https:\\\/\\\/clinicakaizen.com\\\/en\\\/\",\"name\":\"Kaizen Ortodoncia\",\"description\":\"Cl\u00ednica Kaizen, tu ortodoncia en Marbella\",\"publisher\":{\"@id\":\"https:\\\/\\\/clinicakaizen.com\\\/en\\\/#organization\"},\"potentialAction\":[{\"@type\":\"SearchAction\",\"target\":{\"@type\":\"EntryPoint\",\"urlTemplate\":\"https:\\\/\\\/clinicakaizen.com\\\/en\\\/?s={search_term_string}\"},\"query-input\":{\"@type\":\"PropertyValueSpecification\",\"valueRequired\":true,\"valueName\":\"search_term_string\"}}],\"inLanguage\":\"en-US\"},{\"@type\":\"Organization\",\"@id\":\"https:\\\/\\\/clinicakaizen.com\\\/en\\\/#organization\",\"name\":\"Cl\u00ednica Kaizen\",\"url\":\"https:\\\/\\\/clinicakaizen.com\\\/en\\\/\",\"logo\":{\"@type\":\"ImageObject\",\"inLanguage\":\"en-US\",\"@id\":\"https:\\\/\\\/clinicakaizen.com\\\/en\\\/#\\\/schema\\\/logo\\\/image\\\/\",\"url\":\"https:\\\/\\\/clinicakaizen.com\\\/wp-content\\\/uploads\\\/2020\\\/09\\\/Logo-Kaizen-Ortodoncia-01.png\",\"contentUrl\":\"https:\\\/\\\/clinicakaizen.com\\\/wp-content\\\/uploads\\\/2020\\\/09\\\/Logo-Kaizen-Ortodoncia-01.png\",\"width\":3544,\"height\":1306,\"caption\":\"Cl\u00ednica Kaizen\"},\"image\":{\"@id\":\"https:\\\/\\\/clinicakaizen.com\\\/en\\\/#\\\/schema\\\/logo\\\/image\\\/\"}}]}<\/script>\n<!-- \/ Yoast SEO plugin. -->","yoast_head_json":{"title":"Virtual Consultation - Kaizen Ortodoncia","robots":{"index":"index","follow":"follow","max-snippet":"max-snippet:-1","max-image-preview":"max-image-preview:large","max-video-preview":"max-video-preview:-1"},"canonical":"https:\/\/clinicakaizen.com\/en\/virtual-consultation\/","og_locale":"en_US","og_type":"article","og_title":"Virtual Consultation - Kaizen Ortodoncia","og_description":"Virtual Consultation Kaizen ClinicIn addition to attending our dental clinic in Marbella, you can also make an online appointment to speak with our doctor Lourdes Bueno. Dr. Lourdes Bueno is a highly qualified professional in the main orthodontic treatments.Request your appointment now If you live far away and you want to find out if your case has a solution or you simply want to ask for a second opinion, you can schedule an appointment with us and we will give you an answer in the shortest possible time. [caldera_form id=\"CF615f0d166a91a\"]Kaizen Clinic, specialists in orthodonticsStart the change of your smile with your orthodontics in MarbellaAnd if, on the other hand, you want to make a physical appointment, come visit us without obligation.","og_url":"https:\/\/clinicakaizen.com\/en\/virtual-consultation\/","og_site_name":"Kaizen Ortodoncia","article_modified_time":"2026-01-23T15:03:37+00:00","twitter_card":"summary_large_image","twitter_misc":{"Est. reading time":"3 minutes"},"schema":{"@context":"https:\/\/schema.org","@graph":[{"@type":"WebPage","@id":"https:\/\/clinicakaizen.com\/en\/virtual-consultation\/","url":"https:\/\/clinicakaizen.com\/en\/virtual-consultation\/","name":"Virtual Consultation - Kaizen Ortodoncia","isPartOf":{"@id":"https:\/\/clinicakaizen.com\/en\/#website"},"datePublished":"2021-09-23T10:27:30+00:00","dateModified":"2026-01-23T15:03:37+00:00","breadcrumb":{"@id":"https:\/\/clinicakaizen.com\/en\/virtual-consultation\/#breadcrumb"},"inLanguage":"en-US","potentialAction":[{"@type":"ReadAction","target":["https:\/\/clinicakaizen.com\/en\/virtual-consultation\/"]}]},{"@type":"BreadcrumbList","@id":"https:\/\/clinicakaizen.com\/en\/virtual-consultation\/#breadcrumb","itemListElement":[{"@type":"ListItem","position":1,"name":"Portada","item":"https:\/\/clinicakaizen.com\/en\/home\/"},{"@type":"ListItem","position":2,"name":"Virtual Consultation"}]},{"@type":"WebSite","@id":"https:\/\/clinicakaizen.com\/en\/#website","url":"https:\/\/clinicakaizen.com\/en\/","name":"Kaizen Ortodoncia","description":"Cl\u00ednica Kaizen, tu ortodoncia en Marbella","publisher":{"@id":"https:\/\/clinicakaizen.com\/en\/#organization"},"potentialAction":[{"@type":"SearchAction","target":{"@type":"EntryPoint","urlTemplate":"https:\/\/clinicakaizen.com\/en\/?s={search_term_string}"},"query-input":{"@type":"PropertyValueSpecification","valueRequired":true,"valueName":"search_term_string"}}],"inLanguage":"en-US"},{"@type":"Organization","@id":"https:\/\/clinicakaizen.com\/en\/#organization","name":"Cl\u00ednica Kaizen","url":"https:\/\/clinicakaizen.com\/en\/","logo":{"@type":"ImageObject","inLanguage":"en-US","@id":"https:\/\/clinicakaizen.com\/en\/#\/schema\/logo\/image\/","url":"https:\/\/clinicakaizen.com\/wp-content\/uploads\/2020\/09\/Logo-Kaizen-Ortodoncia-01.png","contentUrl":"https:\/\/clinicakaizen.com\/wp-content\/uploads\/2020\/09\/Logo-Kaizen-Ortodoncia-01.png","width":3544,"height":1306,"caption":"Cl\u00ednica Kaizen"},"image":{"@id":"https:\/\/clinicakaizen.com\/en\/#\/schema\/logo\/image\/"}}]}},"_links":{"self":[{"href":"https:\/\/clinicakaizen.com\/en\/wp-json\/wp\/v2\/pages\/54433","targetHints":{"allow":["GET"]}}],"collection":[{"href":"https:\/\/clinicakaizen.com\/en\/wp-json\/wp\/v2\/pages"}],"about":[{"href":"https:\/\/clinicakaizen.com\/en\/wp-json\/wp\/v2\/types\/page"}],"author":[{"embeddable":true,"href":"https:\/\/clinicakaizen.com\/en\/wp-json\/wp\/v2\/users\/3"}],"replies":[{"embeddable":true,"href":"https:\/\/clinicakaizen.com\/en\/wp-json\/wp\/v2\/comments?post=54433"}],"version-history":[{"count":0,"href":"https:\/\/clinicakaizen.com\/en\/wp-json\/wp\/v2\/pages\/54433\/revisions"}],"wp:attachment":[{"href":"https:\/\/clinicakaizen.com\/en\/wp-json\/wp\/v2\/media?parent=54433"}],"wp:term":[{"taxonomy":"difl_page_category","embeddable":true,"href":"https:\/\/clinicakaizen.com\/en\/wp-json\/wp\/v2\/difl_page_category?post=54433"}],"curies":[{"name":"wp","href":"https:\/\/api.w.org\/{rel}","templated":true}]}}